{"id":996,"date":"2024-10-27T13:48:15","date_gmt":"2024-10-27T11:48:15","guid":{"rendered":"https:\/\/spingrannyuk.net\/contact\/"},"modified":"2026-02-04T13:16:34","modified_gmt":"2026-02-04T11:16:34","slug":"kontakt","status":"publish","type":"page","link":"https:\/\/spingrannyuk.net\/de\/kontakt\/","title":{"rendered":"Kontakt"},"content":{"rendered":"<h1>Kontaktieren Sie uns<\/h1>\n<p class=\"wpcf7-contact-form-not-found\"><strong>Fehler:<\/strong> Kontaktformular wurde nicht gefunden.<\/p>\n","protected":false},"excerpt":{"rendered":"<p>Kontaktieren Sie uns<\/p>\n","protected":false},"author":1,"featured_media":0,"parent":0,"menu_order":0,"comment_status":"closed","ping_status":"closed","template":"template-builder.php","meta":{"_acf_changed":false,"inline_featured_image":false,"footnotes":""},"class_list":["post-996","page","type-page","status-publish","hentry"],"acf":[],"yoast_head":"<!-- This site is optimized with the Yoast SEO plugin v27.3 - https:\/\/yoast.com\/product\/yoast-seo-wordpress\/ -->\n<title>Kontaktieren Sie uns<\/title>\n<meta name=\"description\" content=\"Kontaktieren Sie das Spingranny Casino bei Fragen oder f\u00fcr Unterst\u00fctzung. F\u00fcllen Sie das Formular aus, und unser Kundenservice wird Ihnen umgehend antworten, um Ihre Anliegen zu l\u00f6sen.\" \/>\n<meta name=\"robots\" content=\"index, follow, max-snippet:-1, max-image-preview:large, max-video-preview:-1\" \/>\n<link rel=\"canonical\" href=\"https:\/\/spingrannyuk.net\/de\/kontakt\/\" \/>\n<meta property=\"og:locale\" content=\"de_DE\" \/>\n<meta property=\"og:type\" content=\"article\" \/>\n<meta property=\"og:title\" content=\"Kontaktieren Sie uns\" \/>\n<meta property=\"og:description\" content=\"Kontaktieren Sie das Spingranny Casino bei Fragen oder f\u00fcr Unterst\u00fctzung. F\u00fcllen Sie das Formular aus, und unser Kundenservice wird Ihnen umgehend antworten, um Ihre Anliegen zu l\u00f6sen.\" \/>\n<meta property=\"og:url\" content=\"https:\/\/spingrannyuk.net\/de\/kontakt\/\" \/>\n<meta property=\"og:site_name\" content=\"spingranny\" \/>\n<meta property=\"article:modified_time\" content=\"2026-02-04T11:16:34+00:00\" \/>\n<meta name=\"twitter:card\" content=\"summary_large_image\" \/>\n<meta name=\"twitter:label1\" content=\"Gesch\u00e4tzte Lesezeit\" \/>\n\t<meta name=\"twitter:data1\" content=\"1\u00a0Minute\" \/>\n<script type=\"application\/ld+json\" class=\"yoast-schema-graph\">{\"@context\":\"https:\\\/\\\/schema.org\",\"@graph\":[{\"@type\":\"WebPage\",\"@id\":\"https:\\\/\\\/spingrannyuk.net\\\/de\\\/kontakt\\\/\",\"url\":\"https:\\\/\\\/spingrannyuk.net\\\/de\\\/kontakt\\\/\",\"name\":\"Kontaktieren Sie uns\",\"isPartOf\":{\"@id\":\"https:\\\/\\\/spingrannyuk.net\\\/de\\\/#website\"},\"datePublished\":\"2024-10-27T11:48:15+00:00\",\"dateModified\":\"2026-02-04T11:16:34+00:00\",\"description\":\"Kontaktieren Sie das Spingranny Casino bei Fragen oder f\u00fcr Unterst\u00fctzung. F\u00fcllen Sie das Formular aus, und unser Kundenservice wird Ihnen umgehend antworten, um Ihre Anliegen zu l\u00f6sen.\",\"breadcrumb\":{\"@id\":\"https:\\\/\\\/spingrannyuk.net\\\/de\\\/kontakt\\\/#breadcrumb\"},\"inLanguage\":\"de\",\"potentialAction\":[{\"@type\":\"ReadAction\",\"target\":[\"https:\\\/\\\/spingrannyuk.net\\\/de\\\/kontakt\\\/\"]}]},{\"@type\":\"BreadcrumbList\",\"@id\":\"https:\\\/\\\/spingrannyuk.net\\\/de\\\/kontakt\\\/#breadcrumb\",\"itemListElement\":[{\"@type\":\"ListItem\",\"position\":1,\"name\":\"Spingranny\",\"item\":\"https:\\\/\\\/spingrannyuk.net\\\/de\\\/\"},{\"@type\":\"ListItem\",\"position\":2,\"name\":\"Kontakt\"}]},{\"@type\":\"WebSite\",\"@id\":\"https:\\\/\\\/spingrannyuk.net\\\/de\\\/#website\",\"url\":\"https:\\\/\\\/spingrannyuk.net\\\/de\\\/\",\"name\":\"Spingranny\",\"description\":\"\",\"publisher\":{\"@id\":\"https:\\\/\\\/spingrannyuk.net\\\/de\\\/#organization\"},\"potentialAction\":[{\"@type\":\"SearchAction\",\"target\":{\"@type\":\"EntryPoint\",\"urlTemplate\":\"https:\\\/\\\/spingrannyuk.net\\\/de\\\/?s={search_term_string}\"},\"query-input\":{\"@type\":\"PropertyValueSpecification\",\"valueRequired\":true,\"valueName\":\"search_term_string\"}}],\"inLanguage\":\"de\"},{\"@type\":\"Organization\",\"@id\":\"https:\\\/\\\/spingrannyuk.net\\\/de\\\/#organization\",\"name\":\"Spingranny\",\"url\":\"https:\\\/\\\/spingrannyuk.net\\\/de\\\/\",\"logo\":{\"@type\":\"ImageObject\",\"inLanguage\":\"de\",\"@id\":\"https:\\\/\\\/spingrannyuk.net\\\/de\\\/#\\\/schema\\\/logo\\\/image\\\/\",\"url\":\"https:\\\/\\\/spingrannyuk.net\\\/wp-content\\\/uploads\\\/2025\\\/07\\\/80u1FaquEZeR6OUTeJCc.svg\",\"contentUrl\":\"https:\\\/\\\/spingrannyuk.net\\\/wp-content\\\/uploads\\\/2025\\\/07\\\/80u1FaquEZeR6OUTeJCc.svg\",\"width\":129,\"height\":26,\"caption\":\"Spingranny\"},\"image\":{\"@id\":\"https:\\\/\\\/spingrannyuk.net\\\/de\\\/#\\\/schema\\\/logo\\\/image\\\/\"}}]}<\/script>\n<!-- \/ Yoast SEO plugin. -->","yoast_head_json":{"title":"Kontaktieren Sie uns","description":"Kontaktieren Sie das Spingranny Casino bei Fragen oder f\u00fcr Unterst\u00fctzung. F\u00fcllen Sie das Formular aus, und unser Kundenservice wird Ihnen umgehend antworten, um Ihre Anliegen zu l\u00f6sen.","robots":{"index":"index","follow":"follow","max-snippet":"max-snippet:-1","max-image-preview":"max-image-preview:large","max-video-preview":"max-video-preview:-1"},"canonical":"https:\/\/spingrannyuk.net\/de\/kontakt\/","og_locale":"de_DE","og_type":"article","og_title":"Kontaktieren Sie uns","og_description":"Kontaktieren Sie das Spingranny Casino bei Fragen oder f\u00fcr Unterst\u00fctzung. F\u00fcllen Sie das Formular aus, und unser Kundenservice wird Ihnen umgehend antworten, um Ihre Anliegen zu l\u00f6sen.","og_url":"https:\/\/spingrannyuk.net\/de\/kontakt\/","og_site_name":"spingranny","article_modified_time":"2026-02-04T11:16:34+00:00","twitter_card":"summary_large_image","twitter_misc":{"Gesch\u00e4tzte Lesezeit":"1\u00a0Minute"},"schema":{"@context":"https:\/\/schema.org","@graph":[{"@type":"WebPage","@id":"https:\/\/spingrannyuk.net\/de\/kontakt\/","url":"https:\/\/spingrannyuk.net\/de\/kontakt\/","name":"Kontaktieren Sie uns","isPartOf":{"@id":"https:\/\/spingrannyuk.net\/de\/#website"},"datePublished":"2024-10-27T11:48:15+00:00","dateModified":"2026-02-04T11:16:34+00:00","description":"Kontaktieren Sie das Spingranny Casino bei Fragen oder f\u00fcr Unterst\u00fctzung. F\u00fcllen Sie das Formular aus, und unser Kundenservice wird Ihnen umgehend antworten, um Ihre Anliegen zu l\u00f6sen.","breadcrumb":{"@id":"https:\/\/spingrannyuk.net\/de\/kontakt\/#breadcrumb"},"inLanguage":"de","potentialAction":[{"@type":"ReadAction","target":["https:\/\/spingrannyuk.net\/de\/kontakt\/"]}]},{"@type":"BreadcrumbList","@id":"https:\/\/spingrannyuk.net\/de\/kontakt\/#breadcrumb","itemListElement":[{"@type":"ListItem","position":1,"name":"Spingranny","item":"https:\/\/spingrannyuk.net\/de\/"},{"@type":"ListItem","position":2,"name":"Kontakt"}]},{"@type":"WebSite","@id":"https:\/\/spingrannyuk.net\/de\/#website","url":"https:\/\/spingrannyuk.net\/de\/","name":"Spingranny","description":"","publisher":{"@id":"https:\/\/spingrannyuk.net\/de\/#organization"},"potentialAction":[{"@type":"SearchAction","target":{"@type":"EntryPoint","urlTemplate":"https:\/\/spingrannyuk.net\/de\/?s={search_term_string}"},"query-input":{"@type":"PropertyValueSpecification","valueRequired":true,"valueName":"search_term_string"}}],"inLanguage":"de"},{"@type":"Organization","@id":"https:\/\/spingrannyuk.net\/de\/#organization","name":"Spingranny","url":"https:\/\/spingrannyuk.net\/de\/","logo":{"@type":"ImageObject","inLanguage":"de","@id":"https:\/\/spingrannyuk.net\/de\/#\/schema\/logo\/image\/","url":"https:\/\/spingrannyuk.net\/wp-content\/uploads\/2025\/07\/80u1FaquEZeR6OUTeJCc.svg","contentUrl":"https:\/\/spingrannyuk.net\/wp-content\/uploads\/2025\/07\/80u1FaquEZeR6OUTeJCc.svg","width":129,"height":26,"caption":"Spingranny"},"image":{"@id":"https:\/\/spingrannyuk.net\/de\/#\/schema\/logo\/image\/"}}]}},"_links":{"self":[{"href":"https:\/\/spingrannyuk.net\/de\/wp-json\/wp\/v2\/pages\/996","targetHints":{"allow":["GET"]}}],"collection":[{"href":"https:\/\/spingrannyuk.net\/de\/wp-json\/wp\/v2\/pages"}],"about":[{"href":"https:\/\/spingrannyuk.net\/de\/wp-json\/wp\/v2\/types\/page"}],"author":[{"embeddable":true,"href":"https:\/\/spingrannyuk.net\/de\/wp-json\/wp\/v2\/users\/1"}],"replies":[{"embeddable":true,"href":"https:\/\/spingrannyuk.net\/de\/wp-json\/wp\/v2\/comments?post=996"}],"version-history":[{"count":1,"href":"https:\/\/spingrannyuk.net\/de\/wp-json\/wp\/v2\/pages\/996\/revisions"}],"predecessor-version":[{"id":1203,"href":"https:\/\/spingrannyuk.net\/de\/wp-json\/wp\/v2\/pages\/996\/revisions\/1203"}],"wp:attachment":[{"href":"https:\/\/spingrannyuk.net\/de\/wp-json\/wp\/v2\/media?parent=996"}],"curies":[{"name":"wp","href":"https:\/\/api.w.org\/{rel}","templated":true}]}}